{"id":50,"date":"2024-12-03T15:24:10","date_gmt":"2024-12-03T15:24:10","guid":{"rendered":"https:\/\/athleticvision.es\/?page_id=50"},"modified":"2025-02-05T07:57:41","modified_gmt":"2025-02-05T07:57:41","slug":"programa","status":"publish","type":"page","link":"https:\/\/athleticvision.es\/?page_id=50","title":{"rendered":"Programa"},"content":{"rendered":"\n<div class=\"wp-block-cover\"><span aria-hidden=\"true\" class=\"wp-block-cover__background has-background-dim\" style=\"background-color:#7f8464\"><\/span><img loading=\"lazy\" decoding=\"async\" width=\"1600\" height=\"1200\" class=\"wp-block-cover__image-background wp-image-166\" alt=\"\" src=\"https:\/\/athleticvision.es\/wp-content\/uploads\/2025\/01\/WhatsApp-Image-2025-01-28-at-09.22.16.jpeg\" data-object-fit=\"cover\" srcset=\"https:\/\/athleticvision.es\/wp-content\/uploads\/2025\/01\/WhatsApp-Image-2025-01-28-at-09.22.16.jpeg 1600w, https:\/\/athleticvision.es\/wp-content\/uploads\/2025\/01\/WhatsApp-Image-2025-01-28-at-09.22.16-300x225.jpeg 300w, https:\/\/athleticvision.es\/wp-content\/uploads\/2025\/01\/WhatsApp-Image-2025-01-28-at-09.22.16-1024x768.jpeg 1024w\" sizes=\"auto, (max-width: 1600px) 100vw, 1600px\" \/><div class=\"wp-block-cover__inner-container has-global-padding is-layout-constrained wp-block-cover-is-layout-constrained\">\n<p class=\"has-text-align-center has-large-font-size\"><strong>\u00a1Descubre el programa que transformar\u00e1 tu forma de entrenar!<\/strong><\/p>\n<\/div><\/div>\n\n\n\n<div style=\"height:44px\" aria-hidden=\"true\" class=\"wp-block-spacer\"><\/div>\n\n\n\n<p>En <strong>Athletic Vision Academy<\/strong>, dise\u00f1amos un programa completo que se adapta a tus objetivos y nivel de experiencia. Ofrecemos clases especializadas en <strong>Grappling<\/strong>, <strong>Brazilian Jiu-Jitsu (BJJ)<\/strong> y <strong>entrenamiento funcional<\/strong>, con un enfoque en el aprendizaje t\u00e9cnico, la mejora del rendimiento f\u00edsico y el desarrollo personal.<\/p>\n\n\n\n<p>Ya seas principiante o competidor avanzado, encontrar\u00e1s un entorno dise\u00f1ado para desafiarte y motivarte, con sesiones dirigidas por entrenadores expertos que ajustan el entrenamiento a tus necesidades. Adem\u00e1s, contamos con horarios flexibles y actividades complementarias para garantizar que cada miembro pueda aprovechar al m\u00e1ximo su experiencia en nuestra academia.<\/p>\n\n\n\n<div style=\"height:44px\" aria-hidden=\"true\" class=\"wp-block-spacer\"><\/div>\n\n\n\n<figure class=\"wp-block-image aligncenter size-large is-resized\"><img loading=\"lazy\" decoding=\"async\" width=\"3581\" height=\"2015\" src=\"https:\/\/athleticvision.es\/wp-content\/uploads\/2025\/01\/IMG_8261-edited.png\" alt=\"\" class=\"wp-image-188\" style=\"width:1118px;height:auto\" srcset=\"https:\/\/athleticvision.es\/wp-content\/uploads\/2025\/01\/IMG_8261-edited.png 3581w, https:\/\/athleticvision.es\/wp-content\/uploads\/2025\/01\/IMG_8261-edited-300x169.png 300w, https:\/\/athleticvision.es\/wp-content\/uploads\/2025\/01\/IMG_8261-edited-1024x576.png 1024w, https:\/\/athleticvision.es\/wp-content\/uploads\/2025\/01\/IMG_8261-edited-2000x1125.png 2000w\" sizes=\"auto, (max-width: 3581px) 100vw, 3581px\" \/><\/figure>\n","protected":false},"excerpt":{"rendered":"<p>En Athletic Vision Academy, dise\u00f1amos un programa completo que se adapta a tus objetivos y nivel de experiencia. Ofrecemos clases especializadas en Grappling, Brazilian Jiu-Jitsu (BJJ) y entrenamiento funcional, con un enfoque en el aprendizaje t\u00e9cnico, la mejora del rendimiento f\u00edsico y el desarrollo personal. Ya seas principiante o competidor avanzado, encontrar\u00e1s un entorno dise\u00f1ado &hellip; <\/p>\n<p class=\"link-more\"><a href=\"https:\/\/athleticvision.es\/?page_id=50\" class=\"more-link\">Leer m\u00e1s<span class=\"screen-reader-text\"> \u00abPrograma\u00bb<\/span><\/a><\/p>\n","protected":false},"author":1,"featured_media":0,"parent":0,"menu_order":0,"comment_status":"closed","ping_status":"closed","template":"","meta":{"footnotes":""},"class_list":["post-50","page","type-page","status-publish","hentry"],"_links":{"self":[{"href":"https:\/\/athleticvision.es\/index.php?rest_route=\/wp\/v2\/pages\/50","targetHints":{"allow":["GET"]}}],"collection":[{"href":"https:\/\/athleticvision.es\/index.php?rest_route=\/wp\/v2\/pages"}],"about":[{"href":"https:\/\/athleticvision.es\/index.php?rest_route=\/wp\/v2\/types\/page"}],"author":[{"embeddable":true,"href":"https:\/\/athleticvision.es\/index.php?rest_route=\/wp\/v2\/users\/1"}],"replies":[{"embeddable":true,"href":"https:\/\/athleticvision.es\/index.php?rest_route=%2Fwp%2Fv2%2Fcomments&post=50"}],"version-history":[{"count":5,"href":"https:\/\/athleticvision.es\/index.php?rest_route=\/wp\/v2\/pages\/50\/revisions"}],"predecessor-version":[{"id":237,"href":"https:\/\/athleticvision.es\/index.php?rest_route=\/wp\/v2\/pages\/50\/revisions\/237"}],"wp:attachment":[{"href":"https:\/\/athleticvision.es\/index.php?rest_route=%2Fwp%2Fv2%2Fmedia&parent=50"}],"curies":[{"name":"wp","href":"https:\/\/api.w.org\/{rel}","templated":true}]}}