{"id":97,"date":"2024-12-08T22:57:20","date_gmt":"2024-12-08T22:57:20","guid":{"rendered":"https:\/\/athleticvision.es\/?page_id=97"},"modified":"2025-08-27T19:20:09","modified_gmt":"2025-08-27T19:20:09","slug":"informacion-legal","status":"publish","type":"page","link":"https:\/\/athleticvision.es\/?page_id=97","title":{"rendered":"Informaci\u00f3n legal"},"content":{"rendered":"\n<div class=\"wp-block-columns alignfull is-layout-flex wp-container-core-columns-is-layout-28f84493 wp-block-columns-is-layout-flex\">\n<div class=\"wp-block-column has-global-padding is-layout-constrained wp-block-column-is-layout-constrained\">\n<h3 class=\"wp-block-heading\"><strong>1. Aviso Legal<\/strong><\/h3>\n\n\n\n<p><strong>AVISO LEGAL<\/strong><\/p>\n\n\n\n<p>En cumplimiento con el deber de informaci\u00f3n recogido en el art\u00edculo 10 de la <strong>Ley 34\/2002, de 11 de julio, de Servicios de la Sociedad de la Informaci\u00f3n y del Comercio Electr\u00f3nico (LSSI-CE)<\/strong>, se pone a disposici\u00f3n de los usuarios la siguiente informaci\u00f3n:<\/p>\n\n\n\n<p><strong>1. Identificaci\u00f3n del Responsable<\/strong><\/p>\n\n\n\n<ul class=\"wp-block-list\">\n<li><strong>Nombre del gimnasio<\/strong>: Asociaci\u00f3n Deportiva Cultural <strong>Athletic Vision<\/strong><\/li>\n\n\n\n<li><strong>CIF\/NIF<\/strong>: G75708883<\/li>\n\n\n\n<li><strong>Domicilio social<\/strong>: Calle Paralela dos a Nardo, 8<\/li>\n\n\n\n<li><strong>Correo electr\u00f3nico<\/strong>: av.conditioning@gmail.com<\/li>\n\n\n\n<li><strong>Tel\u00e9fono de contacto<\/strong>: +34 622 499 108<\/li>\n<\/ul>\n\n\n\n<p><strong>2. Objeto del sitio web<\/strong><br>El presente sitio web tiene como objetivo ofrecer informaci\u00f3n sobre los servicios de la Asociaci\u00f3n Deportiva Cultural <strong>Athletic Vision<\/strong>, as\u00ed como la posibilidad de inscribirse en actividades, realizar reservas de clases y solicitar informaci\u00f3n.<\/p>\n\n\n\n<p><strong>3. Condiciones de uso<\/strong><br>El acceso y uso de esta p\u00e1gina web otorgan la condici\u00f3n de \u00abusuario\u00bb, implicando la aceptaci\u00f3n plena de las disposiciones contenidas en este aviso legal desde el momento de acceso.<\/p>\n\n\n\n<p><strong>4. Propiedad intelectual e industrial<\/strong><br>El dise\u00f1o, logotipos, textos, gr\u00e1ficos, im\u00e1genes, v\u00eddeos y cualquier otro contenido de la p\u00e1gina web son propiedad de la Asociaci\u00f3n Deportiva Cultural <strong>Athletic Vision<\/strong> o de terceros que han autorizado su uso. Est\u00e1 prohibida su reproducci\u00f3n, distribuci\u00f3n, transformaci\u00f3n, comunicaci\u00f3n p\u00fablica o cualquier otro uso sin la autorizaci\u00f3n previa y por escrito de la Asociaci\u00f3n Deportiva Cultural <strong>Athletic Vision<\/strong>.<\/p>\n\n\n\n<p><strong>5. Exclusi\u00f3n de responsabilidad<\/strong><br>La Asociaci\u00f3n Deportiva Cultural <strong>Athletic Vision<\/strong> no se responsabiliza de la calidad, exactitud, fiabilidad, legalidad o idoneidad de la informaci\u00f3n contenida en p\u00e1ginas externas que se vinculen mediante enlaces en esta web. Del mismo modo, no se hace responsable de los da\u00f1os derivados de la navegaci\u00f3n por el sitio web, tales como la presencia de virus o fallos t\u00e9cnicos.<\/p>\n\n\n\n<p><strong>6. Modificaciones<\/strong><br>La Asociaci\u00f3n Deportiva Cultural <strong>Athletic Vision<\/strong> se reserva el derecho de modificar, actualizar o eliminar los contenidos, la estructura, el dise\u00f1o y las condiciones de acceso de esta p\u00e1gina web en cualquier momento y sin previo aviso.<\/p>\n\n\n\n<p><strong>7. Legislaci\u00f3n aplicable y jurisdicci\u00f3n<\/strong><br>El presente aviso legal se rige por la normativa espa\u00f1ola. Para la resoluci\u00f3n de cualquier conflicto o disputa relacionada con este sitio web, las partes se someter\u00e1n a la jurisdicci\u00f3n de los Juzgados y Tribunales de [Localidad de la empresa].<\/p>\n\n\n\n<hr class=\"wp-block-separator has-alpha-channel-opacity\"\/>\n\n\n\n<hr class=\"wp-block-separator has-alpha-channel-opacity\"\/>\n<\/div>\n<\/div>\n\n\n\n<p><\/p>\n","protected":false},"excerpt":{"rendered":"<p>1. Aviso Legal AVISO LEGAL En cumplimiento con el deber de informaci\u00f3n recogido en el art\u00edculo 10 de la Ley 34\/2002, de 11 de julio, de Servicios de la Sociedad de la Informaci\u00f3n y del Comercio Electr\u00f3nico (LSSI-CE), se pone a disposici\u00f3n de los usuarios la siguiente informaci\u00f3n: 1. Identificaci\u00f3n del Responsable 2. Objeto del &hellip; <\/p>\n<p class=\"link-more\"><a href=\"https:\/\/athleticvision.es\/?page_id=97\" class=\"more-link\">Leer m\u00e1s<span class=\"screen-reader-text\"> \u00abInformaci\u00f3n legal\u00bb<\/span><\/a><\/p>\n","protected":false},"author":1,"featured_media":0,"parent":0,"menu_order":0,"comment_status":"closed","ping_status":"closed","template":"","meta":{"footnotes":""},"class_list":["post-97","page","type-page","status-publish","hentry"],"_links":{"self":[{"href":"https:\/\/athleticvision.es\/index.php?rest_route=\/wp\/v2\/pages\/97","targetHints":{"allow":["GET"]}}],"collection":[{"href":"https:\/\/athleticvision.es\/index.php?rest_route=\/wp\/v2\/pages"}],"about":[{"href":"https:\/\/athleticvision.es\/index.php?rest_route=\/wp\/v2\/types\/page"}],"author":[{"embeddable":true,"href":"https:\/\/athleticvision.es\/index.php?rest_route=\/wp\/v2\/users\/1"}],"replies":[{"embeddable":true,"href":"https:\/\/athleticvision.es\/index.php?rest_route=%2Fwp%2Fv2%2Fcomments&post=97"}],"version-history":[{"count":5,"href":"https:\/\/athleticvision.es\/index.php?rest_route=\/wp\/v2\/pages\/97\/revisions"}],"predecessor-version":[{"id":253,"href":"https:\/\/athleticvision.es\/index.php?rest_route=\/wp\/v2\/pages\/97\/revisions\/253"}],"wp:attachment":[{"href":"https:\/\/athleticvision.es\/index.php?rest_route=%2Fwp%2Fv2%2Fmedia&parent=97"}],"curies":[{"name":"wp","href":"https:\/\/api.w.org\/{rel}","templated":true}]}}